{"id":2705,"date":"2015-12-19T10:08:13","date_gmt":"2015-12-19T08:08:13","guid":{"rendered":"http:\/\/www.clairmarais.net\/wordpress\/?page_id=2705"},"modified":"2025-07-22T11:53:27","modified_gmt":"2025-07-22T09:53:27","slug":"mecenat","status":"publish","type":"page","link":"http:\/\/www.clairmarais.net\/wordpress\/mecenat\/","title":{"rendered":"M\u00e9c\u00e9nat"},"content":{"rendered":"<h1 class=\"content16697\"><strong><span style=\"text-decoration: underline;\"><span style=\"color: #3366ff; text-decoration: underline;\">D\u00e9finition du M\u00e9c\u00e9nat<\/span><\/span><\/strong><\/h1>\n<p><!-- Text: [begin] --><\/p>\n<div class=\"rteContent\">\n<p>Le m\u00e9c\u00e9nat est un \u00absoutien mat\u00e9riel apport\u00e9, sans contrepartie directe de la part du b\u00e9n\u00e9ficiaire, \u00e0 une \u0153uvre ou \u00e0 une personne pour l\u2019exercice d\u2019activit\u00e9s pr\u00e9sentant un int\u00e9r\u00eat g\u00e9n\u00e9ral\u00bb. (Loi n\u00b0 2003-709 du 1er ao\u00fbt relative au m\u00e9c\u00e9nat).<\/p>\n<p><strong>Votre m\u00e9c\u00e9nat peut s\u2019illustrer de diff\u00e9rentes mani\u00e8res :<br \/><\/strong>\u203a le soutien \u00e0 un \u00e9v\u00e9nement<br \/>\u203a le soutien \u00e0 un projet<br \/>\u203a le soutien \u00e0 une acquisition d\u2019oeuvre<br \/>\u203a le soutien \u00e0 une restauration<br \/>\u203a etc.<\/p>\n<\/div>\n<p><!-- Text: [end] --> <!-- CONTENT ELEMENT, uid:16697\/text [end] --> <!-- CONTENT ELEMENT, uid:16694\/text [begin] --> <a class=\"anchor\" name=\"c16694\"><\/a><\/p>\n<h1 class=\"content16694\"><strong><span style=\"text-decoration: underline;\"><span style=\"color: #3366ff; text-decoration: underline;\">Pourquoi la Ville de Clairmarais fait appel au m\u00e9c\u00e9nat ?<\/span><\/span><\/strong><\/h1>\n<p><!-- Text: [begin] --><\/p>\n<div class=\"rteContent\">\n<p>Les collectivit\u00e9s territoriales se lancent tardivement dans le m\u00e9c\u00e9nat comme alternative \u00e0 la baisse des dotations ou \u00e0 la hausse de la fiscalit\u00e9.<\/p>\n<p><strong>Les objectifs de la Ville de\u00a0Clairmarais sont :<br \/><\/strong><\/p>\n<ul>\n<li>Augmenter la participation des acteurs priv\u00e9s \u00e0 la vie de la cit\u00e9.<\/li>\n<li>Favoriser l\u2019extension d\u2019une culture du m\u00e9c\u00e9nat sur le territoire.<\/li>\n<li>Assurer la coh\u00e9rence, la transparence et la visibilit\u00e9 des partenariats des entreprises avec la collectivit\u00e9.<\/li>\n<li>F\u00e9d\u00e9rer les m\u00e9c\u00e8nes autour des projets d\u2019int\u00e9r\u00eat g\u00e9n\u00e9ral.<\/li>\n<li>Accompagner les entreprises dans leur d\u00e9marche de m\u00e9c\u00e9nat, qu\u2019elle soit r\u00e9cente ou historique, syst\u00e9matique ou occasionnelle.<\/li>\n<li>Constituer un p\u00f4le ressources sur le m\u00e9c\u00e9nat pour l\u2019ensemble des acteurs du territoire.<\/li>\n<li>Faire figure de r\u00e9f\u00e9rence en mati\u00e8re de m\u00e9c\u00e9nat au niveau national : contributions aux ouvrages de r\u00e9f\u00e9rence, pr\u00e9sence sur des \u00e9v\u00e9nements et formations li\u00e9es au m\u00e9c\u00e9nat.<\/li>\n<\/ul>\n<\/div>\n<p><!-- Text: [end] --> <!-- CONTENT ELEMENT, uid:16694\/text [end] --> <!-- CONTENT ELEMENT, uid:16695\/text [begin] --> <a class=\"anchor\" name=\"c16695\"><\/a><\/p>\n<h1 class=\"content16695\"><strong><span style=\"text-decoration: underline;\"><span style=\"color: #3366ff; text-decoration: underline;\">\u00c9ligibilit\u00e9 au m\u00e9c\u00e9nat des projets de la collectivit\u00e9<\/span><\/span><\/strong><\/h1>\n<p><!-- Text: [begin] --><\/p>\n<div class=\"rteContent\">\n<p>L\u2019Etat, ses \u00e9tablissements publics, et les collectivit\u00e9s territoriales sont \u00e9ligibles au m\u00e9c\u00e9nat (loi Aillagon d\u2019ao\u00fbt 2003 et instruction fiscale du 13 juillet 2004).<\/p>\n<p>Afin de b\u00e9n\u00e9ficier de m\u00e9c\u00e9nat, les projets port\u00e9s par la Ville de Clairmarais doivent r\u00e9pondre aux crit\u00e8res de l\u2019int\u00e9r\u00eat g\u00e9n\u00e9ral :<\/p>\n<ul>\n<li><strong>Domaines d\u2019activit\u00e9s concern\u00e9s : <\/strong>philanthropique, \u00e9ducatif, scientifique, social, humanitaire, sportif, culturel, mise en valeur du patrimoine artistique, d\u00e9fense de l\u2019environnement naturel, diffusion de la culture, de la langue et des connaissances scientifiques fran\u00e7aises.<\/li>\n<li><strong>Gestion d\u00e9sint\u00e9ress\u00e9e :<\/strong> L\u2019examen concernant le crit\u00e8re de \u201cgestion d\u00e9sint\u00e9ress\u00e9e\u201d n\u2019a pas \u00e0 \u00eatre effectu\u00e9 dans le cadre d\u2019activit\u00e9s exerc\u00e9es par une collectivit\u00e9 publique.<br \/>En revanche, il est n\u00e9cessaire d\u2019examiner le crit\u00e8re de \u201cnon-lucrativit\u00e9\u201d des activit\u00e9s de la collectivit\u00e9 susceptible de recevoir le don.<\/li>\n<li><strong>Activit\u00e9s non lucratives :<\/strong> Le projet doit satisfaire des besoins peu ou pas du tout pris en compte par le march\u00e9.<\/li>\n<\/ul>\n<\/div>\n<h1 class=\"content17814\"><span style=\"text-decoration: underline;\"><span style=\"color: #3366ff; text-decoration: underline;\">Devenir m\u00e9c\u00e8ne<\/span><\/span><\/h1>\n<p><!-- Text: [begin] --><\/p>\n<ul>\n<li>Je suis un particulier :<\/li>\n<\/ul>\n<h2><strong>Par courrier<\/strong>, je participe en revoyant le coupon t\u00e9l\u00e9chargeable\u00a0et mon ch\u00e8que \u00e0 l&rsquo;ordre du Tr\u00e9sor Public \u00e0 la mairie de Clairmarais, 2 route d&rsquo;Arques 62500 CLAIRMARAIS.<\/h2>\n<h2><cite>Pour les particuliers m\u00e9c\u00e8nes, 66%\u00a0\u00e0 75% de votre don vous est revers\u00e9 sous forme de cr\u00e9dit d&rsquo;imp\u00f4ts.<\/cite><\/h2>\n<ul>\n<li>\n<h2>Je suis une entreprise :<\/h2>\n<\/li>\n<\/ul>\n<h2>Pour les entreprises souhaitant contribuer aux diff\u00e9rents projets, merci de bien vouloir contacter la mairie de Clairmarais par courriel sur mairie.clairmarais@free.fr<\/h2>\n<h2><em>Pour les entreprises m\u00e9c\u00e8nes, 60% de votre don vous est revers\u00e9 sous forme de cr\u00e9dit d&rsquo;imp\u00f4ts.<\/em><\/h2>\n<h1 class=\"content17814\"><span style=\"text-decoration: underline;\"><span style=\"color: #3366ff; text-decoration: underline;\">Les projets <\/span><\/span><\/h1>\n<h2>Le coupon reprenant les projets \u00e9ligibles est\u00a0<u><span style=\"color: #0066cc;\"><a href=\"http:\/\/www.clairmarais.net\/wordpress\/wp-content\/2025\/06\/MECENAT.pdf\" target=\"_blank\" rel=\"noopener\">ici<\/a>,<\/span><\/u> l&rsquo;explication de chaque projet est disponible au niveau des pages d\u00e9di\u00e9es.<\/h2>\n\n\n<p><\/p>\n","protected":false},"excerpt":{"rendered":"<p>D\u00e9finition du M\u00e9c\u00e9nat Le m\u00e9c\u00e9nat est un \u00absoutien mat\u00e9riel apport\u00e9, sans contrepartie directe de la part du b\u00e9n\u00e9ficiaire, \u00e0 une \u0153uvre ou \u00e0 une personne pour l\u2019exercice d\u2019activit\u00e9s pr\u00e9sentant un int\u00e9r\u00eat g\u00e9n\u00e9ral\u00bb. (Loi n\u00b0 2003-709 du 1er ao\u00fbt relative au m\u00e9c\u00e9nat). Votre m\u00e9c\u00e9nat peut s\u2019illustrer de diff\u00e9rentes mani\u00e8res :\u203a le soutien \u00e0 un \u00e9v\u00e9nement\u203a le [&hellip;]<\/p>\n","protected":false},"author":1,"featured_media":0,"parent":0,"menu_order":0,"comment_status":"closed","ping_status":"closed","template":"","meta":{"footnotes":""},"class_list":["post-2705","page","type-page","status-publish"],"_links":{"self":[{"href":"http:\/\/www.clairmarais.net\/wordpress\/wp-json\/wp\/v2\/pages\/2705","targetHints":{"allow":["GET"]}}],"collection":[{"href":"http:\/\/www.clairmarais.net\/wordpress\/wp-json\/wp\/v2\/pages"}],"about":[{"href":"http:\/\/www.clairmarais.net\/wordpress\/wp-json\/wp\/v2\/types\/page"}],"author":[{"embeddable":true,"href":"http:\/\/www.clairmarais.net\/wordpress\/wp-json\/wp\/v2\/users\/1"}],"replies":[{"embeddable":true,"href":"http:\/\/www.clairmarais.net\/wordpress\/wp-json\/wp\/v2\/comments?post=2705"}],"version-history":[{"count":8,"href":"http:\/\/www.clairmarais.net\/wordpress\/wp-json\/wp\/v2\/pages\/2705\/revisions"}],"predecessor-version":[{"id":6808,"href":"http:\/\/www.clairmarais.net\/wordpress\/wp-json\/wp\/v2\/pages\/2705\/revisions\/6808"}],"wp:attachment":[{"href":"http:\/\/www.clairmarais.net\/wordpress\/wp-json\/wp\/v2\/media?parent=2705"}],"curies":[{"name":"wp","href":"https:\/\/api.w.org\/{rel}","templated":true}]}}