{"id":2805,"date":"2016-03-13T09:23:07","date_gmt":"2016-03-13T07:23:07","guid":{"rendered":"http:\/\/www.clairmarais.net\/wordpress\/?page_id=2805"},"modified":"2025-06-04T08:03:48","modified_gmt":"2025-06-04T06:03:48","slug":"accueil-de-loisirs-sans-herbergement","status":"publish","type":"page","link":"http:\/\/www.clairmarais.net\/wordpress\/action-sociale-jeunesse\/accueil-de-loisirs-sans-herbergement\/","title":{"rendered":"Accueil de Loisirs Sans H\u00e9bergement"},"content":{"rendered":"<p>Le Centre Communal d&rsquo;Action Social propose aux enfants de 6 \u00e0 13 ans de participer \u00e0 4 sessions par an:<\/p>\n<ul>\n<li>vacances d&rsquo;hiver (1 semaine)<\/li>\n<li>vacances de printemps (1 semaine)<\/li>\n<li>vacances d&rsquo;\u00e9t\u00e9 (3 semaines) : <a href=\"http:\/\/www.clairmarais.net\/wordpress\/action-sociale-jeunesse\/accueil-de-loisirs-sans-herbergement\/alsh-ete\/\">ETE 2025<\/a><\/li>\n<li>vacances de la Toussaint (1 semaine)<\/li>\n<\/ul>\n<p>Pour simplifier vos d\u00e9marches, sauf changement de situation, le dossier d&rsquo;inscription est fourni une seule fois pour l&rsquo;ann\u00e9e compl\u00e8te.<\/p>\n","protected":false},"excerpt":{"rendered":"<p>Le Centre Communal d&rsquo;Action Social propose aux enfants de 6 \u00e0 13 ans de participer \u00e0 4 sessions par an: vacances d&rsquo;hiver (1 semaine) vacances de printemps (1 semaine) vacances d&rsquo;\u00e9t\u00e9 (3 semaines) : ETE 2025 vacances de la Toussaint (1 semaine) Pour simplifier vos d\u00e9marches, sauf changement de situation, le dossier d&rsquo;inscription est fourni [&hellip;]<\/p>\n","protected":false},"author":1,"featured_media":0,"parent":2802,"menu_order":0,"comment_status":"closed","ping_status":"closed","template":"","meta":{"footnotes":""},"class_list":["post-2805","page","type-page","status-publish"],"_links":{"self":[{"href":"http:\/\/www.clairmarais.net\/wordpress\/wp-json\/wp\/v2\/pages\/2805","targetHints":{"allow":["GET"]}}],"collection":[{"href":"http:\/\/www.clairmarais.net\/wordpress\/wp-json\/wp\/v2\/pages"}],"about":[{"href":"http:\/\/www.clairmarais.net\/wordpress\/wp-json\/wp\/v2\/types\/page"}],"author":[{"embeddable":true,"href":"http:\/\/www.clairmarais.net\/wordpress\/wp-json\/wp\/v2\/users\/1"}],"replies":[{"embeddable":true,"href":"http:\/\/www.clairmarais.net\/wordpress\/wp-json\/wp\/v2\/comments?post=2805"}],"version-history":[{"count":12,"href":"http:\/\/www.clairmarais.net\/wordpress\/wp-json\/wp\/v2\/pages\/2805\/revisions"}],"predecessor-version":[{"id":6756,"href":"http:\/\/www.clairmarais.net\/wordpress\/wp-json\/wp\/v2\/pages\/2805\/revisions\/6756"}],"up":[{"embeddable":true,"href":"http:\/\/www.clairmarais.net\/wordpress\/wp-json\/wp\/v2\/pages\/2802"}],"wp:attachment":[{"href":"http:\/\/www.clairmarais.net\/wordpress\/wp-json\/wp\/v2\/media?parent=2805"}],"curies":[{"name":"wp","href":"https:\/\/api.w.org\/{rel}","templated":true}]}}