{"id":3,"date":"2007-11-18T10:23:30","date_gmt":"2007-11-18T08:23:30","guid":{"rendered":"http:\/\/www.clairmarais.net\/wordpress\/?p=1348"},"modified":"2023-05-19T17:51:15","modified_gmt":"2023-05-19T15:51:15","slug":"la-mairie","status":"publish","type":"page","link":"http:\/\/www.clairmarais.net\/wordpress\/notre-village\/la-mairie\/","title":{"rendered":"Nous contacter"},"content":{"rendered":"<div class=\"wp-block-image\">\n<figure class=\"aligncenter size-full is-resized\"><a href=\"http:\/\/www.clairmarais.net\/wordpress\/wp-content\/2023\/05\/drapeau-de-la-france-sur-hampe.jpg\"><\/a><a href='http:\/\/www.clairmarais.net\/wordpress\/wp-content\/2023\/05\/drapeau-de-la-france-sur-hampe.jpg'><img loading=\"lazy\" decoding=\"async\" src=\"http:\/\/www.clairmarais.net\/wordpress\/wp-content\/imagescaler\/fb486b1927ce7f7f756f10bda47fd83d.jpg\" alt=\"\" class=\"wp-image-5466\" width=\"118\" height=\"118\" \/><\/a><\/figure>\n<\/div>\n\n\n<p>2, route d&rsquo;Arques 62500 CLAIRMARAIS<\/p>\n\n\n\n<p>T\u00e9l\u00e9phone : 03.21.38.08.61 &#8211; Bo\u00eete vocale : 09.53.94.98.23<\/p>\n\n\n\n<p><a href=\"mailto:mairie.clairmarais@free.fr\"><span style=\"color: #006633;\">Courriel: mairie.clairmarais@free.fr<\/span><\/a><\/p>\n\n\n\n<p class=\"has-text-align-center\"><span style=\"font-size: large;\"><a rel=\"noopener\" href=\"http:\/\/www.service-public.fr\" target=\"_blank\"><span style=\"color: #6699ff;\">Une question sur les d\u00e9marches en ligne, cliquez ici<\/span><\/a><\/span><\/p>\n\n\n\n<hr class=\"wp-block-separator has-alpha-channel-opacity\"\/>\n\n\n\n<h3 class=\"wp-block-heading has-text-align-center\"><span style=\"text-decoration: underline;\">Horaires d&rsquo;ouverture de la mairie<\/span><\/h3>\n\n\n\n<p class=\"has-text-align-center\">du lundi au samedi de 8h \u00e0 12h<\/p>\n\n\n\n<hr class=\"wp-block-separator has-alpha-channel-opacity\"\/>\n\n\n\n<h2 class=\"wp-block-heading has-text-align-center\"><strong><mark style=\"background-color:rgba(0, 0, 0, 0)\" class=\"has-inline-color has-black-color\">Bo\u00eete \u00e0 id\u00e9es<\/mark><\/strong><\/h2>\n\n\n<style id=\"wpforms-css-vars-5452\">\n\t\t\t\t#wpforms-5452 {\n\t\t\t\t\n\t\t\t}\n\t\t\t<\/style><div class=\"wpforms-container wpforms-container-full wpforms-render-modern\" id=\"wpforms-5452\"><form id=\"wpforms-form-5452\" class=\"wpforms-validate wpforms-form wpforms-ajax-form\" data-formid=\"5452\" method=\"post\" enctype=\"multipart\/form-data\" action=\"\/wordpress\/wp-json\/wp\/v2\/pages\/3\" data-token=\"82225fbf57e5852f89e45e40f95760cc\" data-token-time=\"1777545851\"><noscript class=\"wpforms-error-noscript\">Veuillez activer JavaScript dans votre navigateur pour remplir ce formulaire.<\/noscript><div id=\"wpforms-error-noscript\" style=\"display: none;\">Veuillez activer JavaScript dans votre navigateur pour remplir ce formulaire.<\/div><div class=\"wpforms-field-container\"><div id=\"wpforms-5452-field_1-container\" class=\"wpforms-field wpforms-field-name\" data-field-id=\"1\"><fieldset><legend class=\"wpforms-field-label\">Civilit\u00e9 <span class=\"wpforms-required-label\" aria-hidden=\"true\">*<\/span><\/legend><div class=\"wpforms-field-row wpforms-field-large\"><div class=\"wpforms-field-row-block wpforms-first wpforms-one-half\"><input type=\"text\" id=\"wpforms-5452-field_1\" class=\"wpforms-field-name-first wpforms-field-required\" name=\"wpforms[fields][1][first]\" aria-errormessage=\"wpforms-5452-field_1-error\" required><label for=\"wpforms-5452-field_1\" class=\"wpforms-field-sublabel after\">Pr\u00e9nom<\/label><\/div><div class=\"wpforms-field-row-block wpforms-one-half\"><input type=\"text\" id=\"wpforms-5452-field_1-last\" class=\"wpforms-field-name-last wpforms-field-required\" name=\"wpforms[fields][1][last]\" aria-errormessage=\"wpforms-5452-field_1-last-error\" required><label for=\"wpforms-5452-field_1-last\" class=\"wpforms-field-sublabel after\">Nom<\/label><\/div><\/div><\/fieldset><\/div><div id=\"wpforms-5452-field_4-container\" class=\"wpforms-field wpforms-field-email\" data-field-id=\"4\"><label class=\"wpforms-field-label\" for=\"wpforms-5452-field_4\">Courriel <span class=\"wpforms-required-label\" aria-hidden=\"true\">*<\/span><\/label><input type=\"email\" id=\"wpforms-5452-field_4\" class=\"wpforms-field-large wpforms-field-required\" name=\"wpforms[fields][4]\" spellcheck=\"false\" aria-errormessage=\"wpforms-5452-field_4-error\" required><\/div><div id=\"wpforms-5452-field_8-container\" class=\"wpforms-field wpforms-field-text\" data-field-id=\"8\"><label class=\"wpforms-field-label\" for=\"wpforms-5452-field_8\">adresse <span class=\"wpforms-required-label\" aria-hidden=\"true\">*<\/span><\/label><input type=\"text\" id=\"wpforms-5452-field_8\" class=\"wpforms-field-medium wpforms-field-required\" name=\"wpforms[fields][8]\" aria-errormessage=\"wpforms-5452-field_8-error\" required><\/div><div id=\"wpforms-5452-field_6-container\" class=\"wpforms-field wpforms-field-text\" data-field-id=\"6\"><label class=\"wpforms-field-label\" for=\"wpforms-5452-field_6\">Proposition \/ id\u00e9e <span class=\"wpforms-required-label\" aria-hidden=\"true\">*<\/span><\/label><input type=\"text\" id=\"wpforms-5452-field_6\" class=\"wpforms-field-medium wpforms-field-required\" name=\"wpforms[fields][6]\" aria-errormessage=\"wpforms-5452-field_6-error\" required><\/div><\/div><!-- .wpforms-field-container --><div class=\"wpforms-submit-container\" ><input type=\"hidden\" name=\"wpforms[id]\" value=\"5452\"><input type=\"hidden\" name=\"page_title\" value=\"\"><input type=\"hidden\" name=\"page_url\" value=\"http:\/\/www.clairmarais.net\/wordpress\/wp-json\/wp\/v2\/pages\/3\"><input type=\"hidden\" name=\"url_referer\" value=\"\"><button type=\"submit\" name=\"wpforms[submit]\" id=\"wpforms-submit-5452\" class=\"wpforms-submit\" data-alt-text=\"Envoi en cours...\" data-submit-text=\"Envoyez\" aria-live=\"assertive\" value=\"wpforms-submit\">Envoyez<\/button><img loading=\"lazy\" decoding=\"async\" src=\"http:\/\/www.clairmarais.net\/wordpress\/wp-content\/plugins\/wpforms-lite\/assets\/images\/submit-spin.svg\" class=\"wpforms-submit-spinner\" style=\"display: none;\" width=\"26\" height=\"26\" alt=\"Chargement en cours\"><\/div><\/form><\/div>  <!-- .wpforms-container -->\n\n\n\n<p class=\"has-text-align-center\">\u00a0Pour des raisons pratiques et r\u00e9glementaires, les donn\u00e9es ne seront pas conserv\u00e9es plus d&rsquo;un mois.<\/p>\n","protected":false},"excerpt":{"rendered":"<p>2, route d&rsquo;Arques 62500 CLAIRMARAIS T\u00e9l\u00e9phone : 03.21.38.08.61 &#8211; Bo\u00eete vocale : 09.53.94.98.23 Courriel: mairie.clairmarais@free.fr Une question sur les d\u00e9marches en ligne, cliquez ici Horaires d&rsquo;ouverture de la mairie du lundi au samedi de 8h \u00e0 12h Bo\u00eete \u00e0 id\u00e9es \u00a0Pour des raisons pratiques et r\u00e9glementaires, les donn\u00e9es ne seront pas conserv\u00e9es plus d&rsquo;un mois.<\/p>\n","protected":false},"author":1,"featured_media":0,"parent":9,"menu_order":0,"comment_status":"open","ping_status":"open","template":"","meta":{"footnotes":""},"class_list":["post-3","page","type-page","status-publish"],"_links":{"self":[{"href":"http:\/\/www.clairmarais.net\/wordpress\/wp-json\/wp\/v2\/pages\/3","targetHints":{"allow":["GET"]}}],"collection":[{"href":"http:\/\/www.clairmarais.net\/wordpress\/wp-json\/wp\/v2\/pages"}],"about":[{"href":"http:\/\/www.clairmarais.net\/wordpress\/wp-json\/wp\/v2\/types\/page"}],"author":[{"embeddable":true,"href":"http:\/\/www.clairmarais.net\/wordpress\/wp-json\/wp\/v2\/users\/1"}],"replies":[{"embeddable":true,"href":"http:\/\/www.clairmarais.net\/wordpress\/wp-json\/wp\/v2\/comments?post=3"}],"version-history":[{"count":20,"href":"http:\/\/www.clairmarais.net\/wordpress\/wp-json\/wp\/v2\/pages\/3\/revisions"}],"predecessor-version":[{"id":5473,"href":"http:\/\/www.clairmarais.net\/wordpress\/wp-json\/wp\/v2\/pages\/3\/revisions\/5473"}],"up":[{"embeddable":true,"href":"http:\/\/www.clairmarais.net\/wordpress\/wp-json\/wp\/v2\/pages\/9"}],"wp:attachment":[{"href":"http:\/\/www.clairmarais.net\/wordpress\/wp-json\/wp\/v2\/media?parent=3"}],"curies":[{"name":"wp","href":"https:\/\/api.w.org\/{rel}","templated":true}]}}