{"id":3344,"date":"2022-09-20T10:12:03","date_gmt":"2022-09-20T08:12:03","guid":{"rendered":"http:\/\/www.clairmarais.net\/wordpress\/?page_id=3344"},"modified":"2026-03-04T08:14:26","modified_gmt":"2026-03-04T07:14:26","slug":"chasse-plan-foret","status":"publish","type":"page","link":"http:\/\/www.clairmarais.net\/wordpress\/notre-village\/chasse-plan-foret\/","title":{"rendered":"Chasse &#8211; Plan for\u00eat et Calendrier 2025-2026"},"content":{"rendered":"\n<p><\/p>\n\n\n\n<p><a href=\"http:\/\/www.clairmarais.net\/wordpress\/wp-content\/2026\/03\/CALENDRIER-2025-2026-VF.pdf\" data-type=\"link\" data-id=\"http:\/\/www.clairmarais.net\/wordpress\/wp-content\/2025\/09\/CALENDRIER-CHASSE-2025-2026.pdf\">CALENDRIER 2025-2026<\/a><\/p>\n\n\n\n<p><a href=\"http:\/\/www.clairmarais.net\/wordpress\/wp-content\/2022\/09\/PLAN.pdf\" target=\"_blank\" rel=\"noreferrer noopener\">Plan<\/a><\/p>\n\n\n\n<p>Source : Office national des for\u00eats.<\/p>\n\n\n\n<p>Ces documents sont susceptibles de subir des \u00e9volutions en cours de saison. La derni\u00e8re version \u00e0 jour est \u00e0 retrouver sur le site de l&rsquo;ONF, que vous pouvez consulter en cliquant <a href=\"https:\/\/www.onf.fr\/vivre-la-foret\/foret-domaniale-pres-de-chez-moi\/++cc++f09991g::jours-chasses-en-foret-domaniale-de-rihoult-clairmarais.html\" target=\"_blank\" rel=\"noreferrer noopener\">ICI<\/a> .<\/p>\n\n\n\n<p><\/p>\n","protected":false},"excerpt":{"rendered":"<p>CALENDRIER 2025-2026 Plan Source : Office national des for\u00eats. Ces documents sont susceptibles de subir des \u00e9volutions en cours de saison. La derni\u00e8re version \u00e0 jour est \u00e0 retrouver sur le site de l&rsquo;ONF, que vous pouvez consulter en cliquant ICI .<\/p>\n","protected":false},"author":1,"featured_media":0,"parent":9,"menu_order":0,"comment_status":"closed","ping_status":"closed","template":"page-faq.php","meta":{"footnotes":""},"class_list":["post-3344","page","type-page","status-publish"],"_links":{"self":[{"href":"http:\/\/www.clairmarais.net\/wordpress\/wp-json\/wp\/v2\/pages\/3344","targetHints":{"allow":["GET"]}}],"collection":[{"href":"http:\/\/www.clairmarais.net\/wordpress\/wp-json\/wp\/v2\/pages"}],"about":[{"href":"http:\/\/www.clairmarais.net\/wordpress\/wp-json\/wp\/v2\/types\/page"}],"author":[{"embeddable":true,"href":"http:\/\/www.clairmarais.net\/wordpress\/wp-json\/wp\/v2\/users\/1"}],"replies":[{"embeddable":true,"href":"http:\/\/www.clairmarais.net\/wordpress\/wp-json\/wp\/v2\/comments?post=3344"}],"version-history":[{"count":17,"href":"http:\/\/www.clairmarais.net\/wordpress\/wp-json\/wp\/v2\/pages\/3344\/revisions"}],"predecessor-version":[{"id":7138,"href":"http:\/\/www.clairmarais.net\/wordpress\/wp-json\/wp\/v2\/pages\/3344\/revisions\/7138"}],"up":[{"embeddable":true,"href":"http:\/\/www.clairmarais.net\/wordpress\/wp-json\/wp\/v2\/pages\/9"}],"wp:attachment":[{"href":"http:\/\/www.clairmarais.net\/wordpress\/wp-json\/wp\/v2\/media?parent=3344"}],"curies":[{"name":"wp","href":"https:\/\/api.w.org\/{rel}","templated":true}]}}