{"id":3518,"date":"2017-09-26T07:12:49","date_gmt":"2017-09-26T05:12:49","guid":{"rendered":"http:\/\/www.clairmarais.net\/wordpress\/?page_id=3518"},"modified":"2026-03-24T18:09:49","modified_gmt":"2026-03-24T17:09:49","slug":"alsh-ete","status":"publish","type":"page","link":"http:\/\/www.clairmarais.net\/wordpress\/action-sociale-jeunesse\/accueil-de-loisirs-sans-herbergement\/alsh-ete\/","title":{"rendered":"Et\u00e9 2025"},"content":{"rendered":"\n\n\n<div class=\"wp-block-file\"><a id=\"wp-block-file--media-336a9c69-1bc2-4093-aaf0-0af15241bf1d\" href=\"http:\/\/www.clairmarais.net\/wordpress\/wp-content\/2025\/06\/FICHE.pdf\" target=\"_blank\" rel=\"noreferrer noopener\">FICHE D&rsquo;INSCRIPTION<\/a><a href=\"http:\/\/www.clairmarais.net\/wordpress\/wp-content\/2025\/06\/FICHE.pdf\" class=\"wp-block-file__button wp-element-button\" download aria-describedby=\"wp-block-file--media-336a9c69-1bc2-4093-aaf0-0af15241bf1d\">T\u00e9l\u00e9charger<\/a><\/div>\n\n\n\n<div class=\"wp-block-file\"><a id=\"wp-block-file--media-6557eaa4-8422-49e9-a692-aa8753f947c7\" href=\"http:\/\/www.clairmarais.net\/wordpress\/wp-content\/2025\/06\/ELABORATION-PROGRAMME-ALSH-ETE-2025-1.pdf\" target=\"_blank\" rel=\"noreferrer noopener\">PROGRAMME ALSH \u00c9T\u00c9 2025<\/a><a href=\"http:\/\/www.clairmarais.net\/wordpress\/wp-content\/2025\/06\/ELABORATION-PROGRAMME-ALSH-ETE-2025-1.pdf\" class=\"wp-block-file__button wp-element-button\" download aria-describedby=\"wp-block-file--media-6557eaa4-8422-49e9-a692-aa8753f947c7\">T\u00e9l\u00e9charger<\/a><\/div>\n\n\n\n<div class=\"wp-block-file\"><a id=\"wp-block-file--media-de4be979-6685-465e-8638-591f63199b38\" href=\"http:\/\/www.clairmarais.net\/wordpress\/wp-content\/2025\/06\/AUTORISATION-DE-SORTIE-DU-TERRITOIRE-1.pdf\" target=\"_blank\" rel=\"noreferrer noopener\">AUTORISATION DE SORTIE DU TERRITOIRE<\/a><a href=\"http:\/\/www.clairmarais.net\/wordpress\/wp-content\/2025\/06\/AUTORISATION-DE-SORTIE-DU-TERRITOIRE-1.pdf\" class=\"wp-block-file__button wp-element-button\" download aria-describedby=\"wp-block-file--media-de4be979-6685-465e-8638-591f63199b38\">T\u00e9l\u00e9charger<\/a><\/div>\n\n\n\n<div class=\"wp-block-file\"><a id=\"wp-block-file--media-f255b6c0-0180-4b7a-aaf6-a5d692a0e486\" href=\"http:\/\/www.clairmarais.net\/wordpress\/wp-content\/2025\/06\/EQUIPE-JUIL25.pdf\" target=\"_blank\" rel=\"noreferrer noopener\">EQUIPE D&rsquo;ENCADREMENT ET TARIFS<\/a><a href=\"http:\/\/www.clairmarais.net\/wordpress\/wp-content\/2025\/06\/EQUIPE-JUIL25.pdf\" class=\"wp-block-file__button wp-element-button\" download aria-describedby=\"wp-block-file--media-f255b6c0-0180-4b7a-aaf6-a5d692a0e486\">T\u00e9l\u00e9charger<\/a><\/div>\n\n\n\n<p>Un <a href=\"http:\/\/www.clairmarais.net\/wordpress\/action-sociale-jeunesse\/accueil-de-loisirs-sans-herbergement\/dossier-inscription\/\" data-type=\"link\" data-id=\"http:\/\/www.clairmarais.net\/wordpress\/action-sociale-jeunesse\/accueil-de-loisirs-sans-herbergement\/dossier-inscription\/\">dossier d&rsquo;inscription complet<\/a> est \u00e0 fournir avec la premi\u00e8re inscription de l&rsquo;ann\u00e9e.<\/p>\n\n\n\n<p><\/p>\n","protected":false},"excerpt":{"rendered":"<p>Un dossier d&rsquo;inscription complet est \u00e0 fournir avec la premi\u00e8re inscription de l&rsquo;ann\u00e9e.<\/p>\n","protected":false},"author":1,"featured_media":0,"parent":2805,"menu_order":4,"comment_status":"closed","ping_status":"closed","template":"","meta":{"footnotes":""},"class_list":["post-3518","page","type-page","status-publish"],"_links":{"self":[{"href":"http:\/\/www.clairmarais.net\/wordpress\/wp-json\/wp\/v2\/pages\/3518","targetHints":{"allow":["GET"]}}],"collection":[{"href":"http:\/\/www.clairmarais.net\/wordpress\/wp-json\/wp\/v2\/pages"}],"about":[{"href":"http:\/\/www.clairmarais.net\/wordpress\/wp-json\/wp\/v2\/types\/page"}],"author":[{"embeddable":true,"href":"http:\/\/www.clairmarais.net\/wordpress\/wp-json\/wp\/v2\/users\/1"}],"replies":[{"embeddable":true,"href":"http:\/\/www.clairmarais.net\/wordpress\/wp-json\/wp\/v2\/comments?post=3518"}],"version-history":[{"count":16,"href":"http:\/\/www.clairmarais.net\/wordpress\/wp-json\/wp\/v2\/pages\/3518\/revisions"}],"predecessor-version":[{"id":7207,"href":"http:\/\/www.clairmarais.net\/wordpress\/wp-json\/wp\/v2\/pages\/3518\/revisions\/7207"}],"up":[{"embeddable":true,"href":"http:\/\/www.clairmarais.net\/wordpress\/wp-json\/wp\/v2\/pages\/2805"}],"wp:attachment":[{"href":"http:\/\/www.clairmarais.net\/wordpress\/wp-json\/wp\/v2\/media?parent=3518"}],"curies":[{"name":"wp","href":"https:\/\/api.w.org\/{rel}","templated":true}]}}