{"id":3704,"date":"2018-01-11T19:01:41","date_gmt":"2018-01-11T17:01:41","guid":{"rendered":"http:\/\/www.clairmarais.net\/wordpress\/?page_id=3704"},"modified":"2018-01-11T19:02:49","modified_gmt":"2018-01-11T17:02:49","slug":"bge-hauts-de-france","status":"publish","type":"page","link":"http:\/\/www.clairmarais.net\/wordpress\/notre-village\/bon-a-savoir\/bge-hauts-de-france\/","title":{"rendered":"BGE Hauts de France"},"content":{"rendered":"<p><a href=\"http:\/\/www.clairmarais.net\/wordpress\/wp-content\/2018\/01\/BGE-HDF.jpg\"><img loading=\"lazy\" decoding=\"async\" class=\"aligncenter size-full wp-image-3706\" src=\"http:\/\/www.clairmarais.net\/wordpress\/wp-content\/2018\/01\/BGE-HDF.jpg\" alt=\"\" width=\"203\" height=\"171\" \/><\/a><\/p>\n<p>Vous souhaitez ouvrir un commerce, devenir artisan, vous lancer comme micro-entrepreneur\u00a0(autoentrepreneur), cr\u00e9er une entreprise de services ou tester un projet de cr\u00e9ation d\u2019entreprise\u00a0?<br \/>\nL\u2019antenne locale de BGE Hauts de France vous apporte un appui pour monter votre projet et\u00a0d\u00e9velopper votre activit\u00e9\u00a0: des conseils, des formations (y compris pour \u00eatre efficace sur le web), un<br \/>\ntest en couveuse, la recherche de financements et de partenaires\u2026<\/p>\n<p>Vous avez d\u00e9j\u00e0 cr\u00e9\u00e9\u00a0?<\/p>\n<p>Vous y trouverez des solutions pour progresser dans les domaines cl\u00e9s\u00a0: strat\u00e9gie commerciale,\u00a0pr\u00e9sence sur le web, ressources humaines\u2026<\/p>\n<p>Gr\u00e2ce au BGE Club, vous d\u00e9velopper \u00e9galement votre r\u00e9seau au sein d\u2019une communaut\u00e9 de plus de 10000 chefs d\u2019entreprise de la r\u00e9gion.<\/p>\n<p>Contact\u00a0: <a href=\"http:\/\/www.bge-hautsdefrance.fr\">www.bge-hautsdefrance.fr<\/a><\/p>\n","protected":false},"excerpt":{"rendered":"<p>Vous souhaitez ouvrir un commerce, devenir artisan, vous lancer comme micro-entrepreneur\u00a0(autoentrepreneur), cr\u00e9er une entreprise de services ou tester un projet de cr\u00e9ation d\u2019entreprise\u00a0? L\u2019antenne locale de BGE Hauts de France vous apporte un appui pour monter votre projet et\u00a0d\u00e9velopper votre activit\u00e9\u00a0: des conseils, des formations (y compris pour \u00eatre efficace sur le web), un test [&hellip;]<\/p>\n","protected":false},"author":1,"featured_media":0,"parent":3047,"menu_order":0,"comment_status":"closed","ping_status":"closed","template":"","meta":{"footnotes":""},"class_list":["post-3704","page","type-page","status-publish"],"_links":{"self":[{"href":"http:\/\/www.clairmarais.net\/wordpress\/wp-json\/wp\/v2\/pages\/3704","targetHints":{"allow":["GET"]}}],"collection":[{"href":"http:\/\/www.clairmarais.net\/wordpress\/wp-json\/wp\/v2\/pages"}],"about":[{"href":"http:\/\/www.clairmarais.net\/wordpress\/wp-json\/wp\/v2\/types\/page"}],"author":[{"embeddable":true,"href":"http:\/\/www.clairmarais.net\/wordpress\/wp-json\/wp\/v2\/users\/1"}],"replies":[{"embeddable":true,"href":"http:\/\/www.clairmarais.net\/wordpress\/wp-json\/wp\/v2\/comments?post=3704"}],"version-history":[{"count":2,"href":"http:\/\/www.clairmarais.net\/wordpress\/wp-json\/wp\/v2\/pages\/3704\/revisions"}],"predecessor-version":[{"id":3708,"href":"http:\/\/www.clairmarais.net\/wordpress\/wp-json\/wp\/v2\/pages\/3704\/revisions\/3708"}],"up":[{"embeddable":true,"href":"http:\/\/www.clairmarais.net\/wordpress\/wp-json\/wp\/v2\/pages\/3047"}],"wp:attachment":[{"href":"http:\/\/www.clairmarais.net\/wordpress\/wp-json\/wp\/v2\/media?parent=3704"}],"curies":[{"name":"wp","href":"https:\/\/api.w.org\/{rel}","templated":true}]}}