{"id":4713,"date":"2022-01-19T13:13:24","date_gmt":"2022-01-19T11:13:24","guid":{"rendered":"http:\/\/www.clairmarais.net\/wordpress\/?page_id=4713"},"modified":"2022-01-19T13:13:26","modified_gmt":"2022-01-19T11:13:26","slug":"les-autorisations-durbanisme-directement-en-ligne","status":"publish","type":"page","link":"http:\/\/www.clairmarais.net\/wordpress\/les-autorisations-durbanisme-directement-en-ligne\/","title":{"rendered":"Les autorisations d\u2019urbanisme directement en ligne"},"content":{"rendered":"\n<figure class=\"wp-block-image size-large\"><a href=\"http:\/\/www.clairmarais.net\/wordpress\/wp-content\/2022\/01\/depot.png\"><img loading=\"lazy\" decoding=\"async\" width=\"724\" height=\"1024\" src=\"http:\/\/www.clairmarais.net\/wordpress\/wp-content\/2022\/01\/depot-724x1024.png\" alt=\"\" class=\"wp-image-4714\" srcset=\"http:\/\/www.clairmarais.net\/wordpress\/wp-content\/2022\/01\/depot-724x1024.png 724w, http:\/\/www.clairmarais.net\/wordpress\/wp-content\/2022\/01\/depot-212x300.png 212w, http:\/\/www.clairmarais.net\/wordpress\/wp-content\/2022\/01\/depot-768x1086.png 768w, http:\/\/www.clairmarais.net\/wordpress\/wp-content\/2022\/01\/depot-1086x1536.png 1086w, http:\/\/www.clairmarais.net\/wordpress\/wp-content\/2022\/01\/depot-1448x2048.png 1448w, http:\/\/www.clairmarais.net\/wordpress\/wp-content\/2022\/01\/depot.png 1754w\" sizes=\"auto, (max-width: 724px) 100vw, 724px\" \/><\/a><\/figure>\n\n\n\n<h3 class=\"wp-block-heading\"><strong>D\u00e9posez votre autorisation d\u2019urbanisme directement en ligne<\/strong><\/h3>\n\n\n\n<p>Construction nouvelle ou extension, ravalement ou modification de fa\u00e7ade, changement de fen\u00eatres, pose de cl\u00f4ture, abri de jardin, piscine\u2026 Tous ces travaux doivent \u00eatre autoris\u00e9s avant d\u2019\u00eatre entrepris.<\/p>\n\n\n\n<p>A partir du 1<sup>er<\/sup> janvier 2022, vous pouvez d\u00e9poser vos demandes d\u2019autorisation d\u2019urbanisme : certificat d\u2019urbanisme, d\u00e9claration pr\u00e9alable, permis de construire, permis d\u2019am\u00e9nager et permis de d\u00e9molir sous format num\u00e9rique en vous connectant sur le Guichet num\u00e9rique des autorisations d\u2019urbanisme pour les communes instruites par les services de la CAPSO.<\/p>\n\n\n\n<p>Gr\u00e2ce \u00e0 cette plateforme de d\u00e9p\u00f4t en ligne, vous n\u2019avez donc plus besoin de vous d\u00e9placer en mairie pour d\u00e9poser votre dossier, ni \u00e0 la poste pour r\u00e9cup\u00e9rer vos courriers en recommand\u00e9. Les relations avec l\u2019administration sont ainsi simplifi\u00e9es.<\/p>\n\n\n\n<figure class=\"wp-block-image size-large\"><a href=\"http:\/\/www.clairmarais.net\/wordpress\/wp-content\/2022\/01\/ParcoursInstructionGNAU.jpg\"><img loading=\"lazy\" decoding=\"async\" width=\"1024\" height=\"205\" src=\"http:\/\/www.clairmarais.net\/wordpress\/wp-content\/2022\/01\/ParcoursInstructionGNAU-1024x205.jpg\" alt=\"\" class=\"wp-image-4715\" srcset=\"http:\/\/www.clairmarais.net\/wordpress\/wp-content\/2022\/01\/ParcoursInstructionGNAU-1024x205.jpg 1024w, http:\/\/www.clairmarais.net\/wordpress\/wp-content\/2022\/01\/ParcoursInstructionGNAU-300x60.jpg 300w, http:\/\/www.clairmarais.net\/wordpress\/wp-content\/2022\/01\/ParcoursInstructionGNAU-768x153.jpg 768w, http:\/\/www.clairmarais.net\/wordpress\/wp-content\/2022\/01\/ParcoursInstructionGNAU-1536x307.jpg 1536w, http:\/\/www.clairmarais.net\/wordpress\/wp-content\/2022\/01\/ParcoursInstructionGNAU.jpg 2048w\" sizes=\"auto, (max-width: 1024px) 100vw, 1024px\" \/><\/a><\/figure>\n\n\n\n<p><strong>Comment faire ?<\/strong><\/p>\n\n\n\n<p>Ce guichet num\u00e9rique vous permet de formuler votre demande en ligne. Pour cela, vous devez :<\/p>\n\n\n\n<ul class=\"wp-block-list\"><li>Cr\u00e9er un compte personnel,<\/li><li>S\u00e9lectionner le type de dossier que vous souhaitez d\u00e9poser (PC, DP\u2026),<\/li><li>S\u00e9lectionner la commune sur laquelle se situe votre projet,<\/li><li>Compl\u00e9ter le CERFA et joindre toutes les pi\u00e8ces de votre dossier,<\/li><li>Une fois la demande d\u00fbment compl\u00e9t\u00e9e, transmettre la demande afin de valider le d\u00e9p\u00f4t<\/li><\/ul>\n\n\n\n<p>Une fois votre demande transmise, vous recevrez un accus\u00e9 d\u2019enregistrement \u00e9lectronique. La commune sera alors inform\u00e9e du d\u00e9p\u00f4t de votre dossier et vous d\u00e9livrera un num\u00e9ro d\u2019enregistrement qui vous sera communiqu\u00e9 par mail.<\/p>\n\n\n\n<p>Chaque \u00e9change avec l\u2019administration g\u00e9n\u00e8re un accus\u00e9 de r\u00e9ception et une mise \u00e0 jour de l\u2019\u00e9volution de votre dossier, vous pourrez ainsi suivre l\u2019\u00e9tat d\u2019avancement de votre demande en temps r\u00e9el depuis le guichet num\u00e9rique.<\/p>\n\n\n\n<p>Si vous ne souhaitez pas utiliser le guichet num\u00e9rique, il vous est toujours possible de d\u00e9poser en format papier ou d\u2019adresser par courrier le dossier en Mairie.<\/p>\n\n\n\n<p>Pour plus de renseignements, contactez votre mairie.<\/p>\n\n\n\n<p><a href=\"https:\/\/www.ca-pso.fr\/services\/habitat-urbanisme\/ads\/#:~:text=Le%20service%20instructeur%20de%20la,Les%20permis%20d%27am%C3%A9nager\">https:\/\/www.ca-pso.fr\/services\/habitat-urbanisme\/<\/a><\/p>\n","protected":false},"excerpt":{"rendered":"<p>D\u00e9posez votre autorisation d\u2019urbanisme directement en ligne Construction nouvelle ou extension, ravalement ou modification de fa\u00e7ade, changement de fen\u00eatres, pose de cl\u00f4ture, abri de jardin, piscine\u2026 Tous ces travaux doivent \u00eatre autoris\u00e9s avant d\u2019\u00eatre entrepris. A partir du 1er janvier 2022, vous pouvez d\u00e9poser vos demandes d\u2019autorisation d\u2019urbanisme : certificat d\u2019urbanisme, d\u00e9claration pr\u00e9alable, permis de [&hellip;]<\/p>\n","protected":false},"author":1,"featured_media":0,"parent":0,"menu_order":0,"comment_status":"closed","ping_status":"closed","template":"","meta":{"footnotes":""},"class_list":["post-4713","page","type-page","status-publish"],"_links":{"self":[{"href":"http:\/\/www.clairmarais.net\/wordpress\/wp-json\/wp\/v2\/pages\/4713","targetHints":{"allow":["GET"]}}],"collection":[{"href":"http:\/\/www.clairmarais.net\/wordpress\/wp-json\/wp\/v2\/pages"}],"about":[{"href":"http:\/\/www.clairmarais.net\/wordpress\/wp-json\/wp\/v2\/types\/page"}],"author":[{"embeddable":true,"href":"http:\/\/www.clairmarais.net\/wordpress\/wp-json\/wp\/v2\/users\/1"}],"replies":[{"embeddable":true,"href":"http:\/\/www.clairmarais.net\/wordpress\/wp-json\/wp\/v2\/comments?post=4713"}],"version-history":[{"count":3,"href":"http:\/\/www.clairmarais.net\/wordpress\/wp-json\/wp\/v2\/pages\/4713\/revisions"}],"predecessor-version":[{"id":4718,"href":"http:\/\/www.clairmarais.net\/wordpress\/wp-json\/wp\/v2\/pages\/4713\/revisions\/4718"}],"wp:attachment":[{"href":"http:\/\/www.clairmarais.net\/wordpress\/wp-json\/wp\/v2\/media?parent=4713"}],"curies":[{"name":"wp","href":"https:\/\/api.w.org\/{rel}","templated":true}]}}