{"id":4763,"date":"2022-03-04T18:46:22","date_gmt":"2022-03-04T16:46:22","guid":{"rendered":"http:\/\/www.clairmarais.net\/wordpress\/?page_id=4763"},"modified":"2022-03-04T18:46:24","modified_gmt":"2022-03-04T16:46:24","slug":"deploiement-des-conseillers-numeriques","status":"publish","type":"page","link":"http:\/\/www.clairmarais.net\/wordpress\/deploiement-des-conseillers-numeriques\/","title":{"rendered":"D\u00e9ploiement des conseillers num\u00e9riques"},"content":{"rendered":"\n<figure class=\"wp-block-image size-full\"><a href=\"http:\/\/www.clairmarais.net\/wordpress\/wp-content\/2022\/03\/cons-numerique-biblio.png\"><img loading=\"lazy\" decoding=\"async\" width=\"422\" height=\"598\" src=\"http:\/\/www.clairmarais.net\/wordpress\/wp-content\/2022\/03\/cons-numerique-biblio.png\" alt=\"\" class=\"wp-image-4765\" srcset=\"http:\/\/www.clairmarais.net\/wordpress\/wp-content\/2022\/03\/cons-numerique-biblio.png 422w, http:\/\/www.clairmarais.net\/wordpress\/wp-content\/2022\/03\/cons-numerique-biblio-212x300.png 212w, http:\/\/www.clairmarais.net\/wordpress\/wp-content\/2022\/03\/cons-numerique-biblio-150x213.png 150w, http:\/\/www.clairmarais.net\/wordpress\/wp-content\/2022\/03\/cons-numerique-biblio-353x500.png 353w\" sizes=\"auto, (max-width: 422px) 100vw, 422px\" \/><\/a><\/figure>\n\n\n\n<figure class=\"wp-block-image size-full\"><a href=\"http:\/\/www.clairmarais.net\/wordpress\/wp-content\/2022\/03\/cons-numerique-biblio-2.png\"><img loading=\"lazy\" decoding=\"async\" width=\"419\" height=\"593\" src=\"http:\/\/www.clairmarais.net\/wordpress\/wp-content\/2022\/03\/cons-numerique-biblio-2.png\" alt=\"\" class=\"wp-image-4764\" srcset=\"http:\/\/www.clairmarais.net\/wordpress\/wp-content\/2022\/03\/cons-numerique-biblio-2.png 419w, http:\/\/www.clairmarais.net\/wordpress\/wp-content\/2022\/03\/cons-numerique-biblio-2-212x300.png 212w, http:\/\/www.clairmarais.net\/wordpress\/wp-content\/2022\/03\/cons-numerique-biblio-2-150x212.png 150w, http:\/\/www.clairmarais.net\/wordpress\/wp-content\/2022\/03\/cons-numerique-biblio-2-353x500.png 353w\" sizes=\"auto, (max-width: 419px) 100vw, 419px\" \/><\/a><\/figure>\n\n\n\n<p>Matthieu est pr\u00e9sent 1 mercredi sur 2 \u00e0 la m\u00e9diath\u00e8que de Clairmarais (semaines paires).<\/p>\n","protected":false},"excerpt":{"rendered":"<p>Matthieu est pr\u00e9sent 1 mercredi sur 2 \u00e0 la m\u00e9diath\u00e8que de Clairmarais (semaines paires).<\/p>\n","protected":false},"author":1,"featured_media":0,"parent":0,"menu_order":0,"comment_status":"closed","ping_status":"closed","template":"","meta":{"footnotes":""},"class_list":["post-4763","page","type-page","status-publish"],"_links":{"self":[{"href":"http:\/\/www.clairmarais.net\/wordpress\/wp-json\/wp\/v2\/pages\/4763","targetHints":{"allow":["GET"]}}],"collection":[{"href":"http:\/\/www.clairmarais.net\/wordpress\/wp-json\/wp\/v2\/pages"}],"about":[{"href":"http:\/\/www.clairmarais.net\/wordpress\/wp-json\/wp\/v2\/types\/page"}],"author":[{"embeddable":true,"href":"http:\/\/www.clairmarais.net\/wordpress\/wp-json\/wp\/v2\/users\/1"}],"replies":[{"embeddable":true,"href":"http:\/\/www.clairmarais.net\/wordpress\/wp-json\/wp\/v2\/comments?post=4763"}],"version-history":[{"count":2,"href":"http:\/\/www.clairmarais.net\/wordpress\/wp-json\/wp\/v2\/pages\/4763\/revisions"}],"predecessor-version":[{"id":4767,"href":"http:\/\/www.clairmarais.net\/wordpress\/wp-json\/wp\/v2\/pages\/4763\/revisions\/4767"}],"wp:attachment":[{"href":"http:\/\/www.clairmarais.net\/wordpress\/wp-json\/wp\/v2\/media?parent=4763"}],"curies":[{"name":"wp","href":"https:\/\/api.w.org\/{rel}","templated":true}]}}