{"id":4938,"date":"2022-09-29T08:11:09","date_gmt":"2022-09-29T06:11:09","guid":{"rendered":"http:\/\/www.clairmarais.net\/wordpress\/?page_id=4938"},"modified":"2026-04-28T09:45:14","modified_gmt":"2026-04-28T07:45:14","slug":"conseil-municipal","status":"publish","type":"page","link":"http:\/\/www.clairmarais.net\/wordpress\/conseil-municipal\/","title":{"rendered":"** Conseil Municipal"},"content":{"rendered":"\n<div class=\"wp-block-file\"><a id=\"wp-block-file--media-4267fa62-9eb9-4f4e-b064-89fe3e0ae155\" href=\"http:\/\/www.clairmarais.net\/wordpress\/wp-content\/2026\/04\/2026_04_23-PV-CM.pdf\" target=\"_blank\" rel=\"noreferrer noopener\">Proc\u00e8s verbal de la r\u00e9union du 23 avril 2026<\/a><a href=\"http:\/\/www.clairmarais.net\/wordpress\/wp-content\/2026\/04\/2026_04_23-PV-CM.pdf\" class=\"wp-block-file__button wp-element-button\" download aria-describedby=\"wp-block-file--media-4267fa62-9eb9-4f4e-b064-89fe3e0ae155\">T\u00e9l\u00e9charger<\/a><\/div>\n\n\n\n<div class=\"wp-block-file\"><a id=\"wp-block-file--media-88e3a1cd-70d2-4682-982e-81b0f9683b20\" href=\"http:\/\/www.clairmarais.net\/wordpress\/wp-content\/2026\/04\/2026_04_03-PV-CM.pdf\" target=\"_blank\" rel=\"noreferrer noopener\">Proc\u00e8s verbal de la r\u00e9union du 02 avril 2026<\/a><a href=\"http:\/\/www.clairmarais.net\/wordpress\/wp-content\/2026\/04\/2026_04_03-PV-CM.pdf\" class=\"wp-block-file__button wp-element-button\" download aria-describedby=\"wp-block-file--media-88e3a1cd-70d2-4682-982e-81b0f9683b20\">T\u00e9l\u00e9charger<\/a><\/div>\n\n\n\n<div class=\"wp-block-file\"><a id=\"wp-block-file--media-519dafe9-1927-4e25-aea7-0dcf99a131b6\" href=\"http:\/\/www.clairmarais.net\/wordpress\/wp-content\/2026\/03\/2026_03_21-PV-CM.pdf\" target=\"_blank\" rel=\"noreferrer noopener\">Proc\u00e8s verbal de la r\u00e9union du 21 mars 2026<\/a><a href=\"http:\/\/www.clairmarais.net\/wordpress\/wp-content\/2026\/03\/2026_03_21-PV-CM.pdf\" class=\"wp-block-file__button wp-element-button\" download aria-describedby=\"wp-block-file--media-519dafe9-1927-4e25-aea7-0dcf99a131b6\">T\u00e9l\u00e9charger<\/a><\/div>\n\n\n\n<hr class=\"wp-block-separator has-alpha-channel-opacity\"\/>\n\n\n\n<div class=\"wp-block-file\"><a id=\"wp-block-file--media-dc607148-9dc0-42e5-b411-52ad8b4beda1\" href=\"http:\/\/www.clairmarais.net\/wordpress\/wp-content\/2025\/12\/2025_12_20-PV-CM.pdf\" target=\"_blank\" rel=\"noreferrer noopener\">Proc\u00e8s verbal de la r\u00e9union du 19 d\u00e9cembre 2025<\/a><a href=\"http:\/\/www.clairmarais.net\/wordpress\/wp-content\/2025\/12\/2025_12_20-PV-CM.pdf\" class=\"wp-block-file__button wp-element-button\" download aria-describedby=\"wp-block-file--media-dc607148-9dc0-42e5-b411-52ad8b4beda1\">T\u00e9l\u00e9charger<\/a><\/div>\n\n\n\n<div class=\"wp-block-file\"><a id=\"wp-block-file--media-bd13ca08-bc3b-4e4c-886d-c8113cfcc44d\" href=\"http:\/\/www.clairmarais.net\/wordpress\/wp-content\/2025\/12\/affichage-prochain-CM.pdf\">Convocation \u00e0 la r\u00e9union du Conseil municipal du 19 d\u00e9cembre 2025<\/a><\/div>\n\n\n\n<div class=\"wp-block-file\"><a id=\"wp-block-file--media-eef7f106-8a8c-4581-aaa7-549daf5f8d86\" href=\"http:\/\/www.clairmarais.net\/wordpress\/wp-content\/2025\/10\/2025_10_10-PV-CM.pdf\" target=\"_blank\" rel=\"noreferrer noopener\">Proc\u00e8s-verbal de la r\u00e9union du 09 octobre 2025<\/a><a href=\"http:\/\/www.clairmarais.net\/wordpress\/wp-content\/2025\/10\/2025_10_10-PV-CM.pdf\" class=\"wp-block-file__button wp-element-button\" download aria-describedby=\"wp-block-file--media-eef7f106-8a8c-4581-aaa7-549daf5f8d86\">T\u00e9l\u00e9charger<\/a><\/div>\n\n\n\n<div class=\"wp-block-file\"><a id=\"wp-block-file--media-e47f9f41-0129-4d2a-be6a-0e237165bf34\" href=\"http:\/\/www.clairmarais.net\/wordpress\/wp-content\/2025\/04\/2025_04_10-PV-CM.pdf\" target=\"_blank\" rel=\"noreferrer noopener\">Proc\u00e8s-verbal de la r\u00e9union du 09 avril 2025<\/a><a href=\"http:\/\/www.clairmarais.net\/wordpress\/wp-content\/2025\/04\/2025_04_10-PV-CM.pdf\" class=\"wp-block-file__button wp-element-button\" download aria-describedby=\"wp-block-file--media-e47f9f41-0129-4d2a-be6a-0e237165bf34\">T\u00e9l\u00e9charger<\/a><\/div>\n\n\n\n<div class=\"wp-block-file\"><a id=\"wp-block-file--media-3576f7ff-972b-4ee8-8fca-62af63a73763\" href=\"http:\/\/www.clairmarais.net\/wordpress\/wp-content\/2025\/03\/2025_02_28-PV-CM.pdf\" target=\"_blank\" rel=\"noreferrer noopener\">Proc\u00e8s-verbal de la r\u00e9union du 27 f\u00e9vrier 2025<\/a><a href=\"http:\/\/www.clairmarais.net\/wordpress\/wp-content\/2025\/03\/2025_02_28-PV-CM.pdf\" class=\"wp-block-file__button wp-element-button\" download aria-describedby=\"wp-block-file--media-3576f7ff-972b-4ee8-8fca-62af63a73763\">T\u00e9l\u00e9charger<\/a><\/div>\n\n\n\n<hr class=\"wp-block-separator has-alpha-channel-opacity\"\/>\n\n\n\n<div class=\"wp-block-file\"><a id=\"wp-block-file--media-641165c0-ee33-4eb5-b530-12d319ad318b\" href=\"http:\/\/www.clairmarais.net\/wordpress\/wp-content\/2024\/11\/2024_11_07-PV-CM.pdf\" target=\"_blank\" rel=\"noreferrer noopener\">Proc\u00e8s-verbal de la r\u00e9union du 06 novembre 2024<\/a><a href=\"http:\/\/www.clairmarais.net\/wordpress\/wp-content\/2024\/11\/2024_11_07-PV-CM.pdf\" class=\"wp-block-file__button wp-element-button\" download aria-describedby=\"wp-block-file--media-641165c0-ee33-4eb5-b530-12d319ad318b\">T\u00e9l\u00e9charger<\/a><\/div>\n\n\n\n<div class=\"wp-block-file\"><a id=\"wp-block-file--media-480d8b81-5021-44dc-b3a8-6209eeabae61\" href=\"http:\/\/www.clairmarais.net\/wordpress\/wp-content\/2024\/07\/2024_06_19-PV-CM.pdf\" target=\"_blank\" rel=\"noreferrer noopener\">Proc\u00e8s-verbal de la r\u00e9union du 19 juin 2024<\/a><a href=\"http:\/\/www.clairmarais.net\/wordpress\/wp-content\/2024\/07\/2024_06_19-PV-CM.pdf\" class=\"wp-block-file__button wp-element-button\" download aria-describedby=\"wp-block-file--media-480d8b81-5021-44dc-b3a8-6209eeabae61\">T\u00e9l\u00e9charger<\/a><\/div>\n\n\n\n<div class=\"wp-block-file\"><a id=\"wp-block-file--media-8712a92c-eb7c-4f60-b912-70e594eb8796\" href=\"http:\/\/www.clairmarais.net\/wordpress\/wp-content\/2024\/04\/2024_04_10-PV-CM.pdf\" target=\"_blank\" rel=\"noreferrer noopener\">Proc\u00e8s-verbal de la r\u00e9union du 09 avril 2024<\/a><a href=\"http:\/\/www.clairmarais.net\/wordpress\/wp-content\/2024\/04\/2024_04_10-PV-CM.pdf\" class=\"wp-block-file__button wp-element-button\" download aria-describedby=\"wp-block-file--media-8712a92c-eb7c-4f60-b912-70e594eb8796\">T\u00e9l\u00e9charger<\/a><\/div>\n\n\n\n<div class=\"wp-block-file\"><a id=\"wp-block-file--media-e330f87b-ec27-4857-80b7-22dc0b24b4bf\" href=\"http:\/\/www.clairmarais.net\/wordpress\/wp-content\/2024\/03\/2024_02_28-PV-CM.pdf\" target=\"_blank\" rel=\"noreferrer noopener\">Proc\u00e8s-verbal de la r\u00e9union du 27 f\u00e9vrier 2024<\/a><a href=\"http:\/\/www.clairmarais.net\/wordpress\/wp-content\/2024\/03\/2024_02_28-PV-CM.pdf\" class=\"wp-block-file__button wp-element-button\" download aria-describedby=\"wp-block-file--media-e330f87b-ec27-4857-80b7-22dc0b24b4bf\">T\u00e9l\u00e9charger<\/a><\/div>\n\n\n\n<div class=\"wp-block-file\"><a id=\"wp-block-file--media-e330f87b-ec27-4857-80b7-22dc0b24b4bf\" href=\"http:\/\/www.clairmarais.net\/wordpress\/wp-content\/2024\/02\/2024_01_13-PV-CM.pdf\" target=\"_blank\" rel=\"noreferrer noopener\">Proc\u00e8s-verbal de la r\u00e9union du 13 janvier 2024<\/a><a href=\"http:\/\/www.clairmarais.net\/wordpress\/wp-content\/2024\/02\/2024_01_13-PV-CM.pdf\" class=\"wp-block-file__button wp-element-button\" download aria-describedby=\"wp-block-file--media-e330f87b-ec27-4857-80b7-22dc0b24b4bf\">T\u00e9l\u00e9charger<\/a><\/div>\n\n\n\n<hr class=\"wp-block-separator has-alpha-channel-opacity\"\/>\n\n\n\n<div class=\"wp-block-file\"><a id=\"wp-block-file--media-e330f87b-ec27-4857-80b7-22dc0b24b4bf\" href=\"https:\/\/www.clairmarais.net\/wordpress\/wp-content\/2023\/12\/2023_12_19-PV-CM.pdf\" target=\"_blank\" rel=\"noreferrer noopener\">Proc\u00e8s-verbal de la r\u00e9union du 18 d\u00e9cembre 2023<\/a><a href=\"https:\/\/www.clairmarais.net\/wordpress\/wp-content\/2023\/12\/2023_12_19-PV-CM.pdf\" class=\"wp-block-file__button wp-element-button\" download aria-describedby=\"wp-block-file--media-e330f87b-ec27-4857-80b7-22dc0b24b4bf\">T\u00e9l\u00e9charger<\/a><\/div>\n\n\n\n<div class=\"wp-block-file\"><a id=\"wp-block-file--media-e330f87b-ec27-4857-80b7-22dc0b24b4bf\" href=\"http:\/\/www.clairmarais.net\/wordpress\/wp-content\/2023\/10\/2023_10_20-PV-CM-1.pdf\" target=\"_blank\" rel=\"noreferrer noopener\">Proc\u00e8s-verbal de la r\u00e9union du 19 octobre 2023<\/a><a href=\"http:\/\/www.clairmarais.net\/wordpress\/wp-content\/2023\/10\/2023_10_20-PV-CM-1.pdf\" class=\"wp-block-file__button wp-element-button\" download aria-describedby=\"wp-block-file--media-e330f87b-ec27-4857-80b7-22dc0b24b4bf\">T\u00e9l\u00e9charger<\/a><\/div>\n\n\n\n<div class=\"wp-block-file\"><a id=\"wp-block-file--media-e330f87b-ec27-4857-80b7-22dc0b24b4bf\" href=\"http:\/\/www.clairmarais.net\/wordpress\/wp-content\/2023\/07\/2023_07_27-PV-CM.pdf\" target=\"_blank\" rel=\"noreferrer noopener\">Proc\u00e8s-verbal de la r\u00e9union du 26 juillet 2023<\/a><a href=\"http:\/\/www.clairmarais.net\/wordpress\/wp-content\/2023\/07\/2023_07_27-PV-CM.pdf\" class=\"wp-block-file__button wp-element-button\" download aria-describedby=\"wp-block-file--media-e330f87b-ec27-4857-80b7-22dc0b24b4bf\">T\u00e9l\u00e9charger<\/a><\/div>\n\n\n\n<div class=\"wp-block-file\"><a id=\"wp-block-file--media-e330f87b-ec27-4857-80b7-22dc0b24b4bf\" href=\"http:\/\/www.clairmarais.net\/wordpress\/wp-content\/2023\/06\/2023_06_13-PV-CM.pdf\" target=\"_blank\" rel=\"noreferrer noopener\">Proc\u00e8s-verbal de la r\u00e9union du 09 juin 2023<\/a><a href=\"http:\/\/www.clairmarais.net\/wordpress\/wp-content\/2023\/06\/2023_06_13-PV-CM.pdf\" class=\"wp-block-file__button wp-element-button\" download aria-describedby=\"wp-block-file--media-e330f87b-ec27-4857-80b7-22dc0b24b4bf\">T\u00e9l\u00e9charger<\/a><\/div>\n\n\n\n<div class=\"wp-block-file\"><a id=\"wp-block-file--media-e330f87b-ec27-4857-80b7-22dc0b24b4bf\" href=\"http:\/\/www.clairmarais.net\/wordpress\/wp-content\/2023\/04\/2023_04_14-PV-CM.pdf\" target=\"_blank\" rel=\"noreferrer noopener\">Proc\u00e8s-verbal de la r\u00e9union du 13 avril 2023<\/a><a href=\"http:\/\/www.clairmarais.net\/wordpress\/wp-content\/2023\/04\/2023_04_14-PV-CM.pdf\" class=\"wp-block-file__button wp-element-button\" download aria-describedby=\"wp-block-file--media-e330f87b-ec27-4857-80b7-22dc0b24b4bf\">T\u00e9l\u00e9charger<\/a><\/div>\n\n\n\n<div class=\"wp-block-file\"><a id=\"wp-block-file--media-25bb2e66-528e-4383-8978-ebe3d57ef18a\" href=\"http:\/\/www.clairmarais.net\/wordpress\/wp-content\/2023\/03\/2023_03_17-PV-CM.pdf\" target=\"_blank\" rel=\"noreferrer noopener\">Proc\u00e8s-verbal de la r\u00e9union du 17 mars 2023<\/a><a href=\"http:\/\/www.clairmarais.net\/wordpress\/wp-content\/2023\/03\/2023_03_17-PV-CM.pdf\" class=\"wp-block-file__button wp-element-button\" download aria-describedby=\"wp-block-file--media-25bb2e66-528e-4383-8978-ebe3d57ef18a\">T\u00e9l\u00e9charger<\/a><\/div>\n\n\n\n<hr class=\"wp-block-separator has-alpha-channel-opacity\"\/>\n\n\n\n<div class=\"wp-block-file\"><a id=\"wp-block-file--media-5adbefa2-1ac3-4712-a79b-b9b3880c0e3d\" href=\"http:\/\/www.clairmarais.net\/wordpress\/wp-content\/2022\/12\/2022_12_21-PV-CM.pdf\" target=\"_blank\" rel=\"noreferrer noopener\">Proc\u00e8s-verbal de la r\u00e9union du 21 d\u00e9cembre 2022<\/a><a href=\"http:\/\/www.clairmarais.net\/wordpress\/wp-content\/2022\/12\/2022_12_21-PV-CM.pdf\" class=\"wp-block-file__button wp-element-button\" download aria-describedby=\"wp-block-file--media-5adbefa2-1ac3-4712-a79b-b9b3880c0e3d\">T\u00e9l\u00e9charger<\/a><\/div>\n\n\n\n<div class=\"wp-block-file\"><a id=\"wp-block-file--media-a81a733d-5adc-4856-8197-c328df4cc2e8\" href=\"http:\/\/www.clairmarais.net\/wordpress\/wp-content\/2022\/10\/2022_09_28-PV-CM.pdf\" target=\"_blank\" rel=\"noreferrer noopener\">Proc\u00e8s-verbal de la r\u00e9union du 28 septembre 2022<\/a><a href=\"http:\/\/www.clairmarais.net\/wordpress\/wp-content\/2022\/10\/2022_09_28-PV-CM.pdf\" class=\"wp-block-file__button wp-element-button\" download aria-describedby=\"wp-block-file--media-a81a733d-5adc-4856-8197-c328df4cc2e8\">T\u00e9l\u00e9charger<\/a><\/div>\n\n\n\n<div class=\"wp-block-file\"><a id=\"wp-block-file--media-8cad1462-2cd7-417b-8840-c3f98e9f7fdd\" href=\"http:\/\/www.clairmarais.net\/wordpress\/wp-content\/2022\/04\/2022_04_07-CR-CM.pdf\" target=\"_blank\" rel=\"noreferrer noopener\">Proc\u00e8s-verbal de la r\u00e9union du 7 avril 2022<\/a><a href=\"http:\/\/www.clairmarais.net\/wordpress\/wp-content\/2022\/04\/2022_04_07-CR-CM.pdf\" class=\"wp-block-file__button wp-element-button\" download aria-describedby=\"wp-block-file--media-8cad1462-2cd7-417b-8840-c3f98e9f7fdd\">T\u00e9l\u00e9charger<\/a><\/div>\n\n\n\n<div class=\"wp-block-file\"><a id=\"wp-block-file--media-969f4dd1-4bae-42e7-876f-2594e86dfdd3\" href=\"http:\/\/www.clairmarais.net\/wordpress\/wp-content\/2022\/02\/2022_02_23-CR-CM.pdf\" target=\"_blank\" rel=\"noreferrer noopener\">Compte rendu de la r\u00e9union du 23 f\u00e9vrier 2022<\/a><a href=\"http:\/\/www.clairmarais.net\/wordpress\/wp-content\/2022\/02\/2022_02_23-CR-CM.pdf\" class=\"wp-block-file__button wp-element-button\" download aria-describedby=\"wp-block-file--media-969f4dd1-4bae-42e7-876f-2594e86dfdd3\">T\u00e9l\u00e9charger<\/a><\/div>\n\n\n\n<hr class=\"wp-block-separator has-alpha-channel-opacity\"\/>\n\n\n\n<div class=\"wp-block-file\"><a id=\"wp-block-file--media-8ae92eef-6903-4047-a548-61b42de2e498\" href=\"http:\/\/www.clairmarais.net\/wordpress\/wp-content\/2021\/12\/2021_12_15-CR-CM.pdf\" target=\"_blank\" rel=\"noreferrer noopener\">Compte rendu de la r\u00e9union du 15 d\u00e9cembre 2021<\/a><a href=\"http:\/\/www.clairmarais.net\/wordpress\/wp-content\/2021\/12\/2021_12_15-CR-CM.pdf\" class=\"wp-block-file__button wp-element-button\" download aria-describedby=\"wp-block-file--media-8ae92eef-6903-4047-a548-61b42de2e498\">T\u00e9l\u00e9charger<\/a><\/div>\n\n\n\n<div class=\"wp-block-file\"><a id=\"wp-block-file--media-10e6a12e-b31a-4e7c-b2d1-cc02b84ad097\" href=\"http:\/\/www.clairmarais.net\/wordpress\/wp-content\/2021\/09\/2021_09_28-CR-CM.pdf\" target=\"_blank\" rel=\"noreferrer noopener\">Compte rendu de la r\u00e9union du 28 septembre 2021<\/a><a href=\"http:\/\/www.clairmarais.net\/wordpress\/wp-content\/2021\/09\/2021_09_28-CR-CM.pdf\" class=\"wp-block-file__button wp-element-button\" download aria-describedby=\"wp-block-file--media-10e6a12e-b31a-4e7c-b2d1-cc02b84ad097\">T\u00e9l\u00e9charger<\/a><\/div>\n\n\n\n<div class=\"wp-block-file\"><a id=\"wp-block-file--media-cba1c4a3-114a-418d-8b2f-9f56b9f09450\" href=\"http:\/\/www.clairmarais.net\/wordpress\/wp-content\/2021\/04\/2021_04_13-CR-CM.pdf\" target=\"_blank\" rel=\"noreferrer noopener\">Compte rendu de la r\u00e9union du 13 avril 2021<\/a><a href=\"http:\/\/www.clairmarais.net\/wordpress\/wp-content\/2021\/04\/2021_04_13-CR-CM.pdf\" class=\"wp-block-file__button wp-element-button\" download aria-describedby=\"wp-block-file--media-cba1c4a3-114a-418d-8b2f-9f56b9f09450\">T\u00e9l\u00e9charger<\/a><\/div>\n\n\n\n<div class=\"wp-block-file\"><a id=\"wp-block-file--media-b284751d-26d3-4f63-add4-37beab78357d\" href=\"http:\/\/www.clairmarais.net\/wordpress\/wp-content\/2021\/03\/2021_03_16-CR-CM.pdf\" target=\"_blank\" rel=\"noreferrer noopener\">Compte rendu de la r\u00e9union du 16 mars 2021<\/a><a href=\"http:\/\/www.clairmarais.net\/wordpress\/wp-content\/2021\/03\/2021_03_16-CR-CM.pdf\" class=\"wp-block-file__button wp-element-button\" download aria-describedby=\"wp-block-file--media-b284751d-26d3-4f63-add4-37beab78357d\">T\u00e9l\u00e9charger<\/a><\/div>\n\n\n\n<div class=\"wp-block-file\"><a id=\"wp-block-file--media-9ebe42f2-5376-47ff-b09a-e85345ba4e35\" href=\"http:\/\/www.clairmarais.net\/wordpress\/wp-content\/2021\/03\/2021_02_23-CR-CM.pdf\" target=\"_blank\" rel=\"noreferrer noopener\">Compte rendu de la r\u00e9union du 23 f\u00e9vrier 2021<\/a><a href=\"http:\/\/www.clairmarais.net\/wordpress\/wp-content\/2021\/03\/2021_02_23-CR-CM.pdf\" class=\"wp-block-file__button wp-element-button\" download aria-describedby=\"wp-block-file--media-9ebe42f2-5376-47ff-b09a-e85345ba4e35\">T\u00e9l\u00e9charger<\/a><\/div>\n\n\n\n<hr class=\"wp-block-separator has-alpha-channel-opacity\"\/>\n\n\n\n<div class=\"wp-block-file\"><a id=\"wp-block-file--media-3e4c38ed-254d-4657-a0da-433a0df4459c\" href=\"http:\/\/www.clairmarais.net\/wordpress\/wp-content\/2020\/12\/2020_12_15-CR-CM.pdf\" target=\"_blank\" rel=\"noreferrer noopener\">Compte rendu de la r\u00e9union du 15 d\u00e9cembre 2020<\/a><a href=\"http:\/\/www.clairmarais.net\/wordpress\/wp-content\/2020\/12\/2020_12_15-CR-CM.pdf\" class=\"wp-block-file__button wp-element-button\" download aria-describedby=\"wp-block-file--media-3e4c38ed-254d-4657-a0da-433a0df4459c\">T\u00e9l\u00e9charger<\/a><\/div>\n\n\n\n<div class=\"wp-block-file\"><a id=\"wp-block-file--media-7cb0ac9c-f7cd-4e71-beef-647dbb001b6c\" href=\"http:\/\/www.clairmarais.net\/wordpress\/wp-content\/2020\/10\/2020_09_21-CR-CM.pdf\" target=\"_blank\" rel=\"noreferrer noopener\">Compte rendu de la r\u00e9union du 21 septembre 2020<\/a><a href=\"http:\/\/www.clairmarais.net\/wordpress\/wp-content\/2020\/10\/2020_09_21-CR-CM.pdf\" class=\"wp-block-file__button wp-element-button\" download aria-describedby=\"wp-block-file--media-7cb0ac9c-f7cd-4e71-beef-647dbb001b6c\">T\u00e9l\u00e9charger<\/a><\/div>\n\n\n\n<div class=\"wp-block-file\"><a id=\"wp-block-file--media-801f5d2d-bbbd-468c-9b53-3debe00e0f9f\" href=\"http:\/\/www.clairmarais.net\/wordpress\/wp-content\/2020\/07\/2020_06_12-CR-CM.pdf\" target=\"_blank\" rel=\"noreferrer noopener\">Compte rendu de la r\u00e9union du 12 juin 2020<\/a><a href=\"http:\/\/www.clairmarais.net\/wordpress\/wp-content\/2020\/07\/2020_06_12-CR-CM.pdf\" class=\"wp-block-file__button wp-element-button\" download aria-describedby=\"wp-block-file--media-801f5d2d-bbbd-468c-9b53-3debe00e0f9f\">T\u00e9l\u00e9charger<\/a><\/div>\n\n\n\n<div class=\"wp-block-file\"><a id=\"wp-block-file--media-144c84fe-bac0-46da-960d-f722fb00177a\" href=\"http:\/\/www.clairmarais.net\/wordpress\/wp-content\/2020\/06\/CR-CM-23-05-2020.pdf\" target=\"_blank\" rel=\"noreferrer noopener\">Compte rendu de la r\u00e9union du 23 mai 2020<\/a><a href=\"http:\/\/www.clairmarais.net\/wordpress\/wp-content\/2020\/06\/CR-CM-23-05-2020.pdf\" class=\"wp-block-file__button wp-element-button\" download aria-describedby=\"wp-block-file--media-144c84fe-bac0-46da-960d-f722fb00177a\">T\u00e9l\u00e9charger<\/a><\/div>\n\n\n\n<hr class=\"wp-block-separator has-alpha-channel-opacity\"\/>\n","protected":false},"excerpt":{"rendered":"","protected":false},"author":1,"featured_media":0,"parent":0,"menu_order":0,"comment_status":"closed","ping_status":"closed","template":"","meta":{"footnotes":""},"class_list":["post-4938","page","type-page","status-publish"],"_links":{"self":[{"href":"http:\/\/www.clairmarais.net\/wordpress\/wp-json\/wp\/v2\/pages\/4938","targetHints":{"allow":["GET"]}}],"collection":[{"href":"http:\/\/www.clairmarais.net\/wordpress\/wp-json\/wp\/v2\/pages"}],"about":[{"href":"http:\/\/www.clairmarais.net\/wordpress\/wp-json\/wp\/v2\/types\/page"}],"author":[{"embeddable":true,"href":"http:\/\/www.clairmarais.net\/wordpress\/wp-json\/wp\/v2\/users\/1"}],"replies":[{"embeddable":true,"href":"http:\/\/www.clairmarais.net\/wordpress\/wp-json\/wp\/v2\/comments?post=4938"}],"version-history":[{"count":48,"href":"http:\/\/www.clairmarais.net\/wordpress\/wp-json\/wp\/v2\/pages\/4938\/revisions"}],"predecessor-version":[{"id":7356,"href":"http:\/\/www.clairmarais.net\/wordpress\/wp-json\/wp\/v2\/pages\/4938\/revisions\/7356"}],"wp:attachment":[{"href":"http:\/\/www.clairmarais.net\/wordpress\/wp-json\/wp\/v2\/media?parent=4938"}],"curies":[{"name":"wp","href":"https:\/\/api.w.org\/{rel}","templated":true}]}}