{"id":4940,"date":"2022-09-29T08:12:10","date_gmt":"2022-09-29T06:12:10","guid":{"rendered":"http:\/\/www.clairmarais.net\/wordpress\/?page_id=4940"},"modified":"2026-04-07T18:11:48","modified_gmt":"2026-04-07T16:11:48","slug":"arretes","status":"publish","type":"page","link":"http:\/\/www.clairmarais.net\/wordpress\/arretes\/","title":{"rendered":"** Arr\u00eat\u00e9s \/ D\u00e9cisions du Maire"},"content":{"rendered":"\n<div class=\"wp-block-buttons is-content-justification-center is-layout-flex wp-container-core-buttons-is-layout-16018d1d wp-block-buttons-is-layout-flex\">\n<div class=\"wp-block-button\"><a class=\"wp-block-button__link wp-element-button\" href=\"http:\/\/www.clairmarais.net\/wordpress\/arretes-prefectoraux\/\" target=\"_blank\" rel=\"noreferrer noopener\">Acc\u00e8s aux arr\u00eat\u00e9s pr\u00e9fectoraux<\/a><\/div>\n<\/div>\n\n\n\n<p><\/p>\n","protected":false},"excerpt":{"rendered":"","protected":false},"author":1,"featured_media":0,"parent":0,"menu_order":0,"comment_status":"closed","ping_status":"closed","template":"","meta":{"footnotes":""},"class_list":["post-4940","page","type-page","status-publish"],"_links":{"self":[{"href":"http:\/\/www.clairmarais.net\/wordpress\/wp-json\/wp\/v2\/pages\/4940","targetHints":{"allow":["GET"]}}],"collection":[{"href":"http:\/\/www.clairmarais.net\/wordpress\/wp-json\/wp\/v2\/pages"}],"about":[{"href":"http:\/\/www.clairmarais.net\/wordpress\/wp-json\/wp\/v2\/types\/page"}],"author":[{"embeddable":true,"href":"http:\/\/www.clairmarais.net\/wordpress\/wp-json\/wp\/v2\/users\/1"}],"replies":[{"embeddable":true,"href":"http:\/\/www.clairmarais.net\/wordpress\/wp-json\/wp\/v2\/comments?post=4940"}],"version-history":[{"count":86,"href":"http:\/\/www.clairmarais.net\/wordpress\/wp-json\/wp\/v2\/pages\/4940\/revisions"}],"predecessor-version":[{"id":7292,"href":"http:\/\/www.clairmarais.net\/wordpress\/wp-json\/wp\/v2\/pages\/4940\/revisions\/7292"}],"wp:attachment":[{"href":"http:\/\/www.clairmarais.net\/wordpress\/wp-json\/wp\/v2\/media?parent=4940"}],"curies":[{"name":"wp","href":"https:\/\/api.w.org\/{rel}","templated":true}]}}