{"id":5097,"date":"2022-10-28T17:45:42","date_gmt":"2022-10-28T15:45:42","guid":{"rendered":"http:\/\/www.clairmarais.net\/wordpress\/?page_id=5097"},"modified":"2022-10-28T17:45:43","modified_gmt":"2022-10-28T15:45:43","slug":"plan-local-durbanisme-intercommunal-plui","status":"publish","type":"page","link":"http:\/\/www.clairmarais.net\/wordpress\/plan-local-durbanisme-intercommunal-plui\/","title":{"rendered":"Plan Local d&rsquo;Urbanisme Intercommunal (PLUi)"},"content":{"rendered":"<p>Nous sommes rattach\u00e9s au p\u00f4le territorial de Longuenesse.<\/p>\n<p>L&rsquo;ensemble des \u00e9l\u00e9ments sont consultables <a href=\"https:\/\/plui.ca-pso.fr\/#\/?cd=%2FPLUI%20p%C3%B4le%20territorial%20de%20Longuenesse\">&lt;ici&gt;<\/a><\/p>\n","protected":false},"excerpt":{"rendered":"<p>Nous sommes rattach\u00e9s au p\u00f4le territorial de Longuenesse. L&rsquo;ensemble des \u00e9l\u00e9ments sont consultables &lt;ici&gt;<\/p>\n","protected":false},"author":1,"featured_media":0,"parent":0,"menu_order":0,"comment_status":"closed","ping_status":"closed","template":"","meta":{"footnotes":""},"class_list":["post-5097","page","type-page","status-publish"],"_links":{"self":[{"href":"http:\/\/www.clairmarais.net\/wordpress\/wp-json\/wp\/v2\/pages\/5097","targetHints":{"allow":["GET"]}}],"collection":[{"href":"http:\/\/www.clairmarais.net\/wordpress\/wp-json\/wp\/v2\/pages"}],"about":[{"href":"http:\/\/www.clairmarais.net\/wordpress\/wp-json\/wp\/v2\/types\/page"}],"author":[{"embeddable":true,"href":"http:\/\/www.clairmarais.net\/wordpress\/wp-json\/wp\/v2\/users\/1"}],"replies":[{"embeddable":true,"href":"http:\/\/www.clairmarais.net\/wordpress\/wp-json\/wp\/v2\/comments?post=5097"}],"version-history":[{"count":1,"href":"http:\/\/www.clairmarais.net\/wordpress\/wp-json\/wp\/v2\/pages\/5097\/revisions"}],"predecessor-version":[{"id":5098,"href":"http:\/\/www.clairmarais.net\/wordpress\/wp-json\/wp\/v2\/pages\/5097\/revisions\/5098"}],"wp:attachment":[{"href":"http:\/\/www.clairmarais.net\/wordpress\/wp-json\/wp\/v2\/media?parent=5097"}],"curies":[{"name":"wp","href":"https:\/\/api.w.org\/{rel}","templated":true}]}}