{"id":7299,"date":"2026-04-11T10:26:44","date_gmt":"2026-04-11T08:26:44","guid":{"rendered":"http:\/\/www.clairmarais.net\/wordpress\/?page_id=7299"},"modified":"2026-04-11T10:26:45","modified_gmt":"2026-04-11T08:26:45","slug":"affichage-reglementaire-centre-communal-daction-sociale","status":"publish","type":"page","link":"http:\/\/www.clairmarais.net\/wordpress\/affichage-reglementaire-centre-communal-daction-sociale\/","title":{"rendered":"Affichage r\u00e9glementaire Centre Communal d&rsquo;Action Sociale"},"content":{"rendered":"\n<p><span style=\"text-decoration: underline;\"><strong>Convocations aux s\u00e9ances du conseil d&rsquo;administration<\/strong><\/span><\/p>\n\n\n\n<p><\/p>\n\n\n\n<hr class=\"wp-block-separator has-alpha-channel-opacity\"\/>\n\n\n\n<p><span style=\"text-decoration: underline;\"><strong>Proc\u00e8s verbal des s\u00e9ances<\/strong><\/span><\/p>\n\n\n\n<p><\/p>\n\n\n\n<hr class=\"wp-block-separator has-alpha-channel-opacity\"\/>\n\n\n\n<p><span style=\"text-decoration: underline;\"><strong>Arr\u00eat\u00e9s du pr\u00e9sident<\/strong><\/span><\/p>\n\n\n\n<p><\/p>\n","protected":false},"excerpt":{"rendered":"<p>Convocations aux s\u00e9ances du conseil d&rsquo;administration Proc\u00e8s verbal des s\u00e9ances Arr\u00eat\u00e9s du pr\u00e9sident<\/p>\n","protected":false},"author":1,"featured_media":0,"parent":0,"menu_order":0,"comment_status":"closed","ping_status":"closed","template":"","meta":{"footnotes":""},"class_list":["post-7299","page","type-page","status-publish"],"_links":{"self":[{"href":"http:\/\/www.clairmarais.net\/wordpress\/wp-json\/wp\/v2\/pages\/7299","targetHints":{"allow":["GET"]}}],"collection":[{"href":"http:\/\/www.clairmarais.net\/wordpress\/wp-json\/wp\/v2\/pages"}],"about":[{"href":"http:\/\/www.clairmarais.net\/wordpress\/wp-json\/wp\/v2\/types\/page"}],"author":[{"embeddable":true,"href":"http:\/\/www.clairmarais.net\/wordpress\/wp-json\/wp\/v2\/users\/1"}],"replies":[{"embeddable":true,"href":"http:\/\/www.clairmarais.net\/wordpress\/wp-json\/wp\/v2\/comments?post=7299"}],"version-history":[{"count":1,"href":"http:\/\/www.clairmarais.net\/wordpress\/wp-json\/wp\/v2\/pages\/7299\/revisions"}],"predecessor-version":[{"id":7300,"href":"http:\/\/www.clairmarais.net\/wordpress\/wp-json\/wp\/v2\/pages\/7299\/revisions\/7300"}],"wp:attachment":[{"href":"http:\/\/www.clairmarais.net\/wordpress\/wp-json\/wp\/v2\/media?parent=7299"}],"curies":[{"name":"wp","href":"https:\/\/api.w.org\/{rel}","templated":true}]}}